{"id":6241,"date":"2023-02-09T14:14:46","date_gmt":"2023-02-09T14:14:46","guid":{"rendered":"https:\/\/leroux.qodeinteractive.com\/?page_id=6241"},"modified":"2025-07-31T14:05:52","modified_gmt":"2025-07-31T12:05:52","slug":"kontakt","status":"publish","type":"page","link":"https:\/\/www.memacon.com\/de\/kontakt\/","title":{"rendered":"Kontakt"},"content":{"rendered":"\t\t<div data-elementor-type=\"wp-page\" data-elementor-id=\"6241\" class=\"elementor elementor-6241\" data-elementor-post-type=\"page\">\n\t\t\t\t\t\t<section class=\"elementor-section elementor-top-section elementor-element elementor-element-0d3bc5a elementor-section-full_width elementor-section-height-default elementor-section-height-default\" data-id=\"0d3bc5a\" data-element_type=\"section\" data-e-type=\"section\" data-settings=\"{&quot;background_background&quot;:&quot;classic&quot;}\">\n\t\t\t\t\t\t<div class=\"elementor-container elementor-column-gap-default\">\n\t\t\t\t\t<div class=\"elementor-column elementor-col-50 elementor-top-column elementor-element elementor-element-776cc43 elementor-hidden-tablet elementor-hidden-mobile\" data-id=\"776cc43\" data-element_type=\"column\" data-e-type=\"column\" data-settings=\"{&quot;background_background&quot;:&quot;classic&quot;}\">\n\t\t\t<div class=\"elementor-widget-wrap elementor-element-populated\">\n\t\t\t\t\t\t<div class=\"elementor-element elementor-element-657824f elementor-widget elementor-widget-spacer\" data-id=\"657824f\" data-element_type=\"widget\" data-e-type=\"widget\" data-widget_type=\"spacer.default\">\n\t\t\t\t<div class=\"elementor-widget-container\">\n\t\t\t\t\t\t\t<div class=\"elementor-spacer\">\n\t\t\t<div class=\"elementor-spacer-inner\"><\/div>\n\t\t<\/div>\n\t\t\t\t\t\t<\/div>\n\t\t\t\t<\/div>\n\t\t\t\t\t<\/div>\n\t\t<\/div>\n\t\t\t\t<div class=\"elementor-column elementor-col-50 elementor-top-column elementor-element elementor-element-8dea69f\" data-id=\"8dea69f\" data-element_type=\"column\" data-e-type=\"column\">\n\t\t\t<div class=\"elementor-widget-wrap elementor-element-populated\">\n\t\t\t\t\t\t<div class=\"elementor-element elementor-element-af6f0a1 elementor-widget elementor-widget-leroux_core_section_title\" data-id=\"af6f0a1\" data-element_type=\"widget\" data-e-type=\"widget\" data-widget_type=\"leroux_core_section_title.default\">\n\t\t\t\t<div class=\"elementor-widget-container\">\n\t\t\t\t\t<div class=\"qodef-shortcode qodef-m  qodef-section-title qodef-alignment--left \">\n\t\t<h1 class=\"qodef-m-title\" style=\"color: #FFFFFF\">\n\t\t\t\t\tSchreiben Sie uns\t\t\t<\/h1>\n\t<\/div>\n\t\t\t\t<\/div>\n\t\t\t\t<\/div>\n\t\t\t\t<div class=\"elementor-element elementor-element-d0b1452 elementor-widget elementor-widget-html\" data-id=\"d0b1452\" data-element_type=\"widget\" data-e-type=\"widget\" data-widget_type=\"html.default\">\n\t\t\t\t<div class=\"elementor-widget-container\">\n\t\t\t\t\t<div class=\"pipedriveWebForms\" data-pd-webforms=\"https:\/\/webforms.pipedrive.com\/f\/6GVZHnnTxZ6q9GSRZ8zdL9ujBDahJNlWy2FqdM3LdKxqxxT0znAphHLjKOF8A4SQtd\"><script src=\"https:\/\/webforms.pipedrive.com\/f\/loader\"><\/script><\/div>\t\t\t\t<\/div>\n\t\t\t\t<\/div>\n\t\t\t\t\t<\/div>\n\t\t<\/div>\n\t\t\t\t\t<\/div>\n\t\t<\/section>\n\t\t\t\t<section class=\"elementor-section elementor-top-section elementor-element elementor-element-125fd38 elementor-section-full_width elementor-section-height-default elementor-section-height-default\" data-id=\"125fd38\" data-element_type=\"section\" data-e-type=\"section\">\n\t\t\t\t\t\t<div class=\"elementor-container elementor-column-gap-no\">\n\t\t\t\t\t<div class=\"elementor-column elementor-col-100 elementor-top-column elementor-element elementor-element-d1717d9\" data-id=\"d1717d9\" data-element_type=\"column\" data-e-type=\"column\">\n\t\t\t<div class=\"elementor-widget-wrap elementor-element-populated\">\n\t\t\t\t\t\t<div class=\"elementor-element elementor-element-9f67d43 elementor-widget elementor-widget-leroux_core_section_title\" data-id=\"9f67d43\" data-element_type=\"widget\" data-e-type=\"widget\" data-widget_type=\"leroux_core_section_title.default\">\n\t\t\t\t<div class=\"elementor-widget-container\">\n\t\t\t\t\t<div class=\"qodef-shortcode qodef-m  qodef-section-title qodef-alignment--left \">\n\t\t<h2 class=\"qodef-m-title\" >\n\t\t\t\t\tDie Memacon\u00ae Gruppe\t\t\t<\/h2>\n\t<\/div>\n\t\t\t\t<\/div>\n\t\t\t\t<\/div>\n\t\t\t\t\t<\/div>\n\t\t<\/div>\n\t\t\t\t\t<\/div>\n\t\t<\/section>\n\t\t\t\t<section class=\"elementor-section elementor-top-section elementor-element elementor-element-b36c653 elementor-section-full_width elementor-section-height-default elementor-section-height-default\" data-id=\"b36c653\" data-element_type=\"section\" data-e-type=\"section\">\n\t\t\t\t\t\t<div class=\"elementor-container elementor-column-gap-no\">\n\t\t\t\t\t<div class=\"elementor-column elementor-col-33 elementor-top-column elementor-element elementor-element-0ed45f2\" data-id=\"0ed45f2\" data-element_type=\"column\" data-e-type=\"column\">\n\t\t\t<div class=\"elementor-widget-wrap elementor-element-populated\">\n\t\t\t\t\t\t<div class=\"elementor-element elementor-element-0d2ff56 elementor-widget elementor-widget-leroux_core_section_title\" data-id=\"0d2ff56\" data-element_type=\"widget\" data-e-type=\"widget\" data-widget_type=\"leroux_core_section_title.default\">\n\t\t\t\t<div class=\"elementor-widget-container\">\n\t\t\t\t\t<div class=\"qodef-shortcode qodef-m  qodef-section-title qodef-alignment--left \">\n\t\t<h4 class=\"qodef-m-title\" >\n\t\t\t\t\tHamburg\t\t\t<\/h4>\n\t<\/div>\n\t\t\t\t<\/div>\n\t\t\t\t<\/div>\n\t\t\t\t<div class=\"elementor-element elementor-element-2cb03e5 elementor-widget elementor-widget-text-editor\" data-id=\"2cb03e5\" data-element_type=\"widget\" data-e-type=\"widget\" data-widget_type=\"text-editor.default\">\n\t\t\t\t<div class=\"elementor-widget-container\">\n\t\t\t\t\t\t\t\t\t<p><strong>Memacon\u00ae GmbH<\/strong><br \/>Schwanenwik 24<br \/>22087 Hamburg<br \/>Germany<\/p><p><a href=\"mailto:hamburg@memacon.com\">hamburg@memacon.com<\/a><\/p>\t\t\t\t\t\t\t\t<\/div>\n\t\t\t\t<\/div>\n\t\t\t\t\t<\/div>\n\t\t<\/div>\n\t\t\t\t<div class=\"elementor-column elementor-col-33 elementor-top-column elementor-element elementor-element-729de6a\" data-id=\"729de6a\" data-element_type=\"column\" data-e-type=\"column\">\n\t\t\t<div class=\"elementor-widget-wrap elementor-element-populated\">\n\t\t\t\t\t\t<div class=\"elementor-element elementor-element-c9731f2 elementor-widget elementor-widget-leroux_core_section_title\" data-id=\"c9731f2\" data-element_type=\"widget\" data-e-type=\"widget\" data-widget_type=\"leroux_core_section_title.default\">\n\t\t\t\t<div class=\"elementor-widget-container\">\n\t\t\t\t\t<div class=\"qodef-shortcode qodef-m  qodef-section-title qodef-alignment--left \">\n\t\t<h4 class=\"qodef-m-title\" >\n\t\t\t\t\tZ\u00fcrich\t\t\t<\/h4>\n\t<\/div>\n\t\t\t\t<\/div>\n\t\t\t\t<\/div>\n\t\t\t\t<div class=\"elementor-element elementor-element-19b0414 elementor-widget elementor-widget-text-editor\" data-id=\"19b0414\" data-element_type=\"widget\" data-e-type=\"widget\" data-widget_type=\"text-editor.default\">\n\t\t\t\t<div class=\"elementor-widget-container\">\n\t\t\t\t\t\t\t\t\t<p style=\"background-color: #ffffff;\"><span style=\"font-weight: bolder;\">Memacon\u00ae Suisse<\/span><br \/><em>Adresse folgt in K\u00fcrze<\/em><br \/>Z\u00fcrich<br \/>Switzerland<\/p><p style=\"background-color: #ffffff;\"><a href=\"mailto:schweiz@memacon.com\">schweiz@memacon.com<\/a><\/p>\t\t\t\t\t\t\t\t<\/div>\n\t\t\t\t<\/div>\n\t\t\t\t\t<\/div>\n\t\t<\/div>\n\t\t\t\t<div class=\"elementor-column elementor-col-33 elementor-top-column elementor-element elementor-element-962eb08\" data-id=\"962eb08\" data-element_type=\"column\" data-e-type=\"column\">\n\t\t\t<div class=\"elementor-widget-wrap elementor-element-populated\">\n\t\t\t\t\t\t<div class=\"elementor-element elementor-element-24c40b5 elementor-widget elementor-widget-leroux_core_section_title\" data-id=\"24c40b5\" data-element_type=\"widget\" data-e-type=\"widget\" data-widget_type=\"leroux_core_section_title.default\">\n\t\t\t\t<div class=\"elementor-widget-container\">\n\t\t\t\t\t<div class=\"qodef-shortcode qodef-m  qodef-section-title qodef-alignment--left \">\n\t\t<h4 class=\"qodef-m-title\" >\n\t\t\t\t\tDubai\t\t\t<\/h4>\n\t<\/div>\n\t\t\t\t<\/div>\n\t\t\t\t<\/div>\n\t\t\t\t<div class=\"elementor-element elementor-element-4b45f1f elementor-widget elementor-widget-text-editor\" data-id=\"4b45f1f\" data-element_type=\"widget\" data-e-type=\"widget\" data-widget_type=\"text-editor.default\">\n\t\t\t\t<div class=\"elementor-widget-container\">\n\t\t\t\t\t\t\t\t\t<p><strong>Memacon\u00ae MEA<br \/><\/strong>Dubai Digital Park Oasis<br \/>Dubai<br \/>Vereinigte Arabische Emirate<\/p><p><a href=\"mailto:mea@memacon.com\">mea@memacon.com<\/a><\/p>\t\t\t\t\t\t\t\t<\/div>\n\t\t\t\t<\/div>\n\t\t\t\t\t<\/div>\n\t\t<\/div>\n\t\t\t\t\t<\/div>\n\t\t<\/section>\n\t\t\t\t<\/div>\n\t\t","protected":false},"excerpt":{"rendered":"<p>Schreiben Sie uns Die Memacon\u00ae Gruppe Hamburg Memacon\u00ae GmbHSchwanenwik 2422087 HamburgGermany hamburg@memacon.com Z\u00fcrich Memacon\u00ae SuisseAdresse folgt in K\u00fcrzeZ\u00fcrichSwitzerland schweiz@memacon.com Dubai Memacon\u00ae MEADubai Digital Park OasisDubaiVereinigte Arabische Emirate mea@memacon.com<\/p>\n","protected":false},"author":1,"featured_media":0,"parent":0,"menu_order":0,"comment_status":"closed","ping_status":"closed","template":"page-full-width.php","meta":{"footnotes":""},"class_list":["post-6241","page","type-page","status-publish","hentry"],"yoast_head":"<!-- This site is optimized with the Yoast SEO Premium plugin v27.2 (Yoast SEO v27.2) - https:\/\/yoast.com\/product\/yoast-seo-premium-wordpress\/ -->\n<title>Kontakt - Memacon GmbH<\/title>\n<meta name=\"description\" content=\"Kontaktieren Sie Memacon f\u00fcr ma\u00dfgeschneiderte KI- und Chatbot-L\u00f6sungen. Gemeinsam verbessern wir Ihre Conversational Experience!\" \/>\n<meta name=\"robots\" content=\"index, follow, max-snippet:-1, max-image-preview:large, max-video-preview:-1\" \/>\n<link rel=\"canonical\" href=\"https:\/\/www.memacon.com\/de\/kontakt\/\" \/>\n<meta property=\"og:locale\" content=\"de_DE\" \/>\n<meta property=\"og:type\" content=\"article\" \/>\n<meta property=\"og:title\" content=\"Kontakt\" \/>\n<meta property=\"og:description\" content=\"Kontaktieren Sie Memacon f\u00fcr ma\u00dfgeschneiderte KI- und Chatbot-L\u00f6sungen. Gemeinsam verbessern wir Ihre Conversational Experience!\" \/>\n<meta property=\"og:url\" content=\"https:\/\/www.memacon.com\/de\/kontakt\/\" \/>\n<meta property=\"og:site_name\" content=\"Memacon GmbH\" \/>\n<meta property=\"article:modified_time\" content=\"2025-07-31T12:05:52+00:00\" \/>\n<meta name=\"twitter:card\" content=\"summary_large_image\" \/>\n<meta name=\"twitter:label1\" content=\"Gesch\u00e4tzte Lesezeit\" \/>\n\t<meta name=\"twitter:data1\" content=\"1\u00a0Minute\" \/>\n<script type=\"application\/ld+json\" class=\"yoast-schema-graph\">{\"@context\":\"https:\/\/schema.org\",\"@graph\":[{\"@type\":\"WebPage\",\"@id\":\"https:\/\/www.memacon.com\/de\/kontakt\/\",\"url\":\"https:\/\/www.memacon.com\/de\/kontakt\/\",\"name\":\"Kontakt - Memacon GmbH\",\"isPartOf\":{\"@id\":\"https:\/\/www.memacon.com\/de\/#website\"},\"datePublished\":\"2023-02-09T14:14:46+00:00\",\"dateModified\":\"2025-07-31T12:05:52+00:00\",\"description\":\"Kontaktieren Sie Memacon f\u00fcr ma\u00dfgeschneiderte KI- und Chatbot-L\u00f6sungen. Gemeinsam verbessern wir Ihre Conversational Experience!\",\"breadcrumb\":{\"@id\":\"https:\/\/www.memacon.com\/de\/kontakt\/#breadcrumb\"},\"inLanguage\":\"de\",\"potentialAction\":[{\"@type\":\"ReadAction\",\"target\":[\"https:\/\/www.memacon.com\/de\/kontakt\/\"]}]},{\"@type\":\"BreadcrumbList\",\"@id\":\"https:\/\/www.memacon.com\/de\/kontakt\/#breadcrumb\",\"itemListElement\":[{\"@type\":\"ListItem\",\"position\":1,\"name\":\"Startseite\",\"item\":\"https:\/\/www.memacon.com\/de\/\"},{\"@type\":\"ListItem\",\"position\":2,\"name\":\"Kontakt\"}]},{\"@type\":\"WebSite\",\"@id\":\"https:\/\/www.memacon.com\/de\/#website\",\"url\":\"https:\/\/www.memacon.com\/de\/\",\"name\":\"Memacon GmbH\",\"description\":\"Unternehmensberatung f\u00fcr Messenger-Kommunikation\",\"publisher\":{\"@id\":\"https:\/\/www.memacon.com\/de\/#organization\"},\"potentialAction\":[{\"@type\":\"SearchAction\",\"target\":{\"@type\":\"EntryPoint\",\"urlTemplate\":\"https:\/\/www.memacon.com\/de\/?s={search_term_string}\"},\"query-input\":{\"@type\":\"PropertyValueSpecification\",\"valueRequired\":true,\"valueName\":\"search_term_string\"}}],\"inLanguage\":\"de\"},{\"@type\":\"Organization\",\"@id\":\"https:\/\/www.memacon.com\/de\/#organization\",\"name\":\"Memacon GmbH\",\"url\":\"https:\/\/www.memacon.com\/de\/\",\"logo\":{\"@type\":\"ImageObject\",\"inLanguage\":\"de\",\"@id\":\"https:\/\/www.memacon.com\/de\/#\/schema\/logo\/image\/\",\"url\":\"https:\/\/www.memacon.com\/wp-content\/uploads\/2023\/11\/logo-footer-copy-1.png\",\"contentUrl\":\"https:\/\/www.memacon.com\/wp-content\/uploads\/2023\/11\/logo-footer-copy-1.png\",\"width\":286,\"height\":74,\"caption\":\"Memacon GmbH\"},\"image\":{\"@id\":\"https:\/\/www.memacon.com\/de\/#\/schema\/logo\/image\/\"}}]}<\/script>\n<!-- \/ Yoast SEO Premium plugin. -->","yoast_head_json":{"title":"Kontakt - Memacon GmbH","description":"Kontaktieren Sie Memacon f\u00fcr ma\u00dfgeschneiderte KI- und Chatbot-L\u00f6sungen. Gemeinsam verbessern wir Ihre Conversational Experience!","robots":{"index":"index","follow":"follow","max-snippet":"max-snippet:-1","max-image-preview":"max-image-preview:large","max-video-preview":"max-video-preview:-1"},"canonical":"https:\/\/www.memacon.com\/de\/kontakt\/","og_locale":"de_DE","og_type":"article","og_title":"Kontakt","og_description":"Kontaktieren Sie Memacon f\u00fcr ma\u00dfgeschneiderte KI- und Chatbot-L\u00f6sungen. Gemeinsam verbessern wir Ihre Conversational Experience!","og_url":"https:\/\/www.memacon.com\/de\/kontakt\/","og_site_name":"Memacon GmbH","article_modified_time":"2025-07-31T12:05:52+00:00","twitter_card":"summary_large_image","twitter_misc":{"Gesch\u00e4tzte Lesezeit":"1\u00a0Minute"},"schema":{"@context":"https:\/\/schema.org","@graph":[{"@type":"WebPage","@id":"https:\/\/www.memacon.com\/de\/kontakt\/","url":"https:\/\/www.memacon.com\/de\/kontakt\/","name":"Kontakt - Memacon GmbH","isPartOf":{"@id":"https:\/\/www.memacon.com\/de\/#website"},"datePublished":"2023-02-09T14:14:46+00:00","dateModified":"2025-07-31T12:05:52+00:00","description":"Kontaktieren Sie Memacon f\u00fcr ma\u00dfgeschneiderte KI- und Chatbot-L\u00f6sungen. Gemeinsam verbessern wir Ihre Conversational Experience!","breadcrumb":{"@id":"https:\/\/www.memacon.com\/de\/kontakt\/#breadcrumb"},"inLanguage":"de","potentialAction":[{"@type":"ReadAction","target":["https:\/\/www.memacon.com\/de\/kontakt\/"]}]},{"@type":"BreadcrumbList","@id":"https:\/\/www.memacon.com\/de\/kontakt\/#breadcrumb","itemListElement":[{"@type":"ListItem","position":1,"name":"Startseite","item":"https:\/\/www.memacon.com\/de\/"},{"@type":"ListItem","position":2,"name":"Kontakt"}]},{"@type":"WebSite","@id":"https:\/\/www.memacon.com\/de\/#website","url":"https:\/\/www.memacon.com\/de\/","name":"Memacon GmbH","description":"Unternehmensberatung f\u00fcr Messenger-Kommunikation","publisher":{"@id":"https:\/\/www.memacon.com\/de\/#organization"},"potentialAction":[{"@type":"SearchAction","target":{"@type":"EntryPoint","urlTemplate":"https:\/\/www.memacon.com\/de\/?s={search_term_string}"},"query-input":{"@type":"PropertyValueSpecification","valueRequired":true,"valueName":"search_term_string"}}],"inLanguage":"de"},{"@type":"Organization","@id":"https:\/\/www.memacon.com\/de\/#organization","name":"Memacon GmbH","url":"https:\/\/www.memacon.com\/de\/","logo":{"@type":"ImageObject","inLanguage":"de","@id":"https:\/\/www.memacon.com\/de\/#\/schema\/logo\/image\/","url":"https:\/\/www.memacon.com\/wp-content\/uploads\/2023\/11\/logo-footer-copy-1.png","contentUrl":"https:\/\/www.memacon.com\/wp-content\/uploads\/2023\/11\/logo-footer-copy-1.png","width":286,"height":74,"caption":"Memacon GmbH"},"image":{"@id":"https:\/\/www.memacon.com\/de\/#\/schema\/logo\/image\/"}}]}},"_links":{"self":[{"href":"https:\/\/www.memacon.com\/de\/wp-json\/wp\/v2\/pages\/6241","targetHints":{"allow":["GET"]}}],"collection":[{"href":"https:\/\/www.memacon.com\/de\/wp-json\/wp\/v2\/pages"}],"about":[{"href":"https:\/\/www.memacon.com\/de\/wp-json\/wp\/v2\/types\/page"}],"author":[{"embeddable":true,"href":"https:\/\/www.memacon.com\/de\/wp-json\/wp\/v2\/users\/1"}],"replies":[{"embeddable":true,"href":"https:\/\/www.memacon.com\/de\/wp-json\/wp\/v2\/comments?post=6241"}],"version-history":[{"count":69,"href":"https:\/\/www.memacon.com\/de\/wp-json\/wp\/v2\/pages\/6241\/revisions"}],"predecessor-version":[{"id":17319,"href":"https:\/\/www.memacon.com\/de\/wp-json\/wp\/v2\/pages\/6241\/revisions\/17319"}],"wp:attachment":[{"href":"https:\/\/www.memacon.com\/de\/wp-json\/wp\/v2\/media?parent=6241"}],"curies":[{"name":"wp","href":"https:\/\/api.w.org\/{rel}","templated":true}]}}